{"id":165,"date":"2021-11-28T16:37:48","date_gmt":"2021-11-28T15:37:48","guid":{"rendered":"https:\/\/paroissestjogeo.com\/?p=165"},"modified":"2026-04-08T16:30:20","modified_gmt":"2026-04-08T14:30:20","slug":"les-eglises","status":"publish","type":"page","link":"https:\/\/tejg.org\/?page_id=165","title":{"rendered":"Les \u00e9glises"},"content":{"rendered":"\n<h2 class=\"wp-block-heading\">Les \u00e9glises<\/h2>\n\n\n\n<p><strong>\u00c9glise St-Joseph-de-Porterie<\/strong><\/p>\n\n\n\n<p>6 place Fran\u00e7ois Dollier de Casson &#8211; Nantes.<\/p>\n\n\n\n<p>T\u00e9l. : 09 77 66 69 38<\/p>\n\n\n\n<p>Mail :\u00a0<a href=\"mailto:contact@paroissestjogeo.com\">paroisse@tejg.org<\/a><\/p>\n\n\n\n<p>Lignes 75 (Potiron) et C6 (St-Joseph-de-Porterie)<\/p>\n\n\n\n<p><strong>\u00c9glise St-Georges-de-la-Beaujoire<\/strong><\/p>\n\n\n\n<p>55 bd de la Beaujoire &#8211; Nantes.<\/p>\n\n\n\n<p>T\u00e9l. :&nbsp;09 77 66 69 38<\/p>\n\n\n\n<p>Mail :\u00a0<a href=\"mailto:contact@paroissestjogeo.com\"><a href=\"mailto:contact@paroissestjogeo.com\">paroisse@tejg.org<\/a><\/a><\/p>\n\n\n\n<p>Tram 1 et C6 (Beaujoire)<\/p>\n\n\n\n<p><strong>\u00c9glise St-Bernard<\/strong><\/p>\n\n\n\n<p>2 rue Abel Gance &#8211; Nantes.<\/p>\n\n\n\n<p>T\u00e9l. :&nbsp;02 40 49 23 10<\/p>\n\n\n\n<p>Mail :&nbsp;<a href=\"mailto:contact@paroissestjogeo.com\">paroisse<\/a>@tejg<\/p>\n\n\n\n<p>Ligne C6 (Pontecorvo)<\/p>\n\n\n\n<p><strong>\u00c9glise St-Jean-Bosco<\/strong><\/p>\n\n\n\n<p>9 rue Moulin des Carmes &#8211; Nantes.<\/p>\n\n\n\n<p>T\u00e9l. :&nbsp;02 40 49 23 10<\/p>\n\n\n\n<p>Mail :&nbsp;<a href=\"mailto:contact@paroissestjogeo.com\">paroisse@tejg.org<\/a><\/p>\n\n\n\n<p>Lignes C1 (Plessis Tison) et C6 (Guindr\u00e9)<\/p>\n","protected":false},"excerpt":{"rendered":"<p>Les \u00e9glises \u00c9glise St-Joseph-de-Porterie 6 place Fran\u00e7ois Dollier de Casson &#8211; Nantes. T\u00e9l. : 09 77 66 69 38 Mail :\u00a0paroisse@tejg.org Lignes 75 (Potiron) et C6 (St-Joseph-de-Porterie) \u00c9glise St-Georges-de-la-Beaujoire 55 bd de la Beaujoire &#8211; Nantes. T\u00e9l. :&nbsp;09 77 66 69 38 Mail :\u00a0paroisse@tejg.org Tram 1 et C6 (Beaujoire) \u00c9glise St-Bernard 2 rue Abel Gance [&hellip;]<\/p>\n","protected":false},"author":1,"featured_media":0,"parent":34,"menu_order":0,"comment_status":"closed","ping_status":"closed","template":"","meta":{"footnotes":""},"class_list":["post-165","page","type-page","status-publish","hentry"],"publishpress_future_action":{"enabled":false,"date":"2026-05-06 07:35:26","action":"change-status","newStatus":"draft","terms":[],"taxonomy":"","extraData":[]},"publishpress_future_workflow_manual_trigger":{"enabledWorkflows":[]},"_links":{"self":[{"href":"https:\/\/tejg.org\/index.php?rest_route=\/wp\/v2\/pages\/165","targetHints":{"allow":["GET"]}}],"collection":[{"href":"https:\/\/tejg.org\/index.php?rest_route=\/wp\/v2\/pages"}],"about":[{"href":"https:\/\/tejg.org\/index.php?rest_route=\/wp\/v2\/types\/page"}],"author":[{"embeddable":true,"href":"https:\/\/tejg.org\/index.php?rest_route=\/wp\/v2\/users\/1"}],"replies":[{"embeddable":true,"href":"https:\/\/tejg.org\/index.php?rest_route=%2Fwp%2Fv2%2Fcomments&post=165"}],"version-history":[{"count":3,"href":"https:\/\/tejg.org\/index.php?rest_route=\/wp\/v2\/pages\/165\/revisions"}],"predecessor-version":[{"id":3039,"href":"https:\/\/tejg.org\/index.php?rest_route=\/wp\/v2\/pages\/165\/revisions\/3039"}],"up":[{"embeddable":true,"href":"https:\/\/tejg.org\/index.php?rest_route=\/wp\/v2\/pages\/34"}],"wp:attachment":[{"href":"https:\/\/tejg.org\/index.php?rest_route=%2Fwp%2Fv2%2Fmedia&parent=165"}],"curies":[{"name":"wp","href":"https:\/\/api.w.org\/{rel}","templated":true}]}}