{"id":175,"date":"2021-11-28T16:54:04","date_gmt":"2021-11-28T15:54:04","guid":{"rendered":"https:\/\/paroissestjogeo.com\/?p=175"},"modified":"2026-05-03T19:57:16","modified_gmt":"2026-05-03T17:57:16","slug":"permanences","status":"publish","type":"page","link":"https:\/\/tejg.org\/?page_id=175","title":{"rendered":"Permanences"},"content":{"rendered":"\n<p><strong>\u00c9glise St-Georges<\/strong><br>Vendredi (de mai \u00e0 octobre inclus) : de 10 h 00 \u00e0 11 h 00 au <a href=\"https:\/\/goo.gl\/maps\/XGXVKJaAzEgAaqXx9\" target=\"_blank\" rel=\"noreferrer noopener\">55 bd de la Beaujoire<\/a> &#8211; Nantes : Lignes 1 et C6 (Beaujoire)<\/p>\n\n\n\n<p><strong>Salles paroissiales de St-Joseph-de-Porterie<\/strong><br>Jeudi : de 10 h 00 \u00e0 11 h 30 au <a href=\"https:\/\/goo.gl\/maps\/WQaaEdD1fHyt3j87A\" target=\"_blank\" rel=\"noreferrer noopener\">12 place des Tonneliers<\/a> &#8211; Nantes : Lignes 75 (Potiron) et C6 (St-Joseph-de-Porterie) \u2013 T\u00e9l. : 09 77 66 69 38<\/p>\n\n\n\n<p><strong>\u00c9glise St Bernard<\/strong><br>Mardi, mercredi et jeudi : de 15 h 30 \u00e0 17 h 30<br>Vendredi : de 14 h 30 \u00e0 17 h 15<br>au 2 av. Abel Gance &#8211; Nantes : Ligne C6 (Pontecorvo) \u2013 02 40 49 23 10<\/p>\n\n\n\n<p>Ne pas h\u00e9siter \u00e0 t\u00e9l\u00e9phoner <strong>AVANT<\/strong> de se d\u00e9placer : les horaires des permanences sont susceptibles de changer.<\/p>\n","protected":false},"excerpt":{"rendered":"<p>\u00c9glise St-GeorgesVendredi (de mai \u00e0 octobre inclus) : de 10 h 00 \u00e0 11 h 00 au 55 bd de la Beaujoire &#8211; Nantes : Lignes 1 et C6 (Beaujoire) Salles paroissiales de St-Joseph-de-PorterieJeudi : de 10 h 00 \u00e0 11 h 30 au 12 place des Tonneliers &#8211; Nantes : Lignes 75 (Potiron) et [&hellip;]<\/p>\n","protected":false},"author":1,"featured_media":0,"parent":34,"menu_order":0,"comment_status":"closed","ping_status":"closed","template":"","meta":{"footnotes":""},"class_list":["post-175","page","type-page","status-publish","hentry"],"publishpress_future_action":{"enabled":false,"date":"2026-05-13 12:07:39","action":"change-status","newStatus":"draft","terms":[],"taxonomy":"","extraData":[]},"publishpress_future_workflow_manual_trigger":{"enabledWorkflows":[]},"_links":{"self":[{"href":"https:\/\/tejg.org\/index.php?rest_route=\/wp\/v2\/pages\/175","targetHints":{"allow":["GET"]}}],"collection":[{"href":"https:\/\/tejg.org\/index.php?rest_route=\/wp\/v2\/pages"}],"about":[{"href":"https:\/\/tejg.org\/index.php?rest_route=\/wp\/v2\/types\/page"}],"author":[{"embeddable":true,"href":"https:\/\/tejg.org\/index.php?rest_route=\/wp\/v2\/users\/1"}],"replies":[{"embeddable":true,"href":"https:\/\/tejg.org\/index.php?rest_route=%2Fwp%2Fv2%2Fcomments&post=175"}],"version-history":[{"count":7,"href":"https:\/\/tejg.org\/index.php?rest_route=\/wp\/v2\/pages\/175\/revisions"}],"predecessor-version":[{"id":3068,"href":"https:\/\/tejg.org\/index.php?rest_route=\/wp\/v2\/pages\/175\/revisions\/3068"}],"up":[{"embeddable":true,"href":"https:\/\/tejg.org\/index.php?rest_route=\/wp\/v2\/pages\/34"}],"wp:attachment":[{"href":"https:\/\/tejg.org\/index.php?rest_route=%2Fwp%2Fv2%2Fmedia&parent=175"}],"curies":[{"name":"wp","href":"https:\/\/api.w.org\/{rel}","templated":true}]}}