{"id":1762,"date":"2019-11-01T22:14:23","date_gmt":"2019-11-01T21:14:23","guid":{"rendered":"http:\/\/test.trinitedeleraudiere.fr\/?page_id=40"},"modified":"2026-05-03T20:39:38","modified_gmt":"2026-05-03T18:39:38","slug":"eveil-a-la-foi","status":"publish","type":"page","link":"https:\/\/tejg.org\/?page_id=1762","title":{"rendered":"\u00c9veil \u00e0 la foi"},"content":{"rendered":"\n<p>Un \u00e9veil \u00e0 la foi est propos\u00e9 aux enfants de 3 \u00e0 7 ans. Quatre rencontres sont propos\u00e9es dans l&rsquo;ann\u00e9e (pendant la messe dominicale). Par le biais d&rsquo;activit\u00e9s, de chants et de c\u00e9l\u00e9brations, les enfants d\u00e9couvrent avec joie en compagnie de leurs parents la foi chr\u00e9tienne.<\/p>\n\n\n\n<figure class=\"wp-block-image aligncenter size-large\"><a href=\"https:\/\/tejg.org\/wp-content\/uploads\/2025\/10\/Flyer-Eveil-a-la-Foi-1-scaled.png\"><img loading=\"lazy\" decoding=\"async\" width=\"791\" height=\"1024\" src=\"https:\/\/tejg.org\/wp-content\/uploads\/2025\/10\/Flyer-Eveil-a-la-Foi-1-791x1024.png\" alt=\"\" class=\"wp-image-2734\" srcset=\"https:\/\/tejg.org\/wp-content\/uploads\/2025\/10\/Flyer-Eveil-a-la-Foi-1-791x1024.png 791w, https:\/\/tejg.org\/wp-content\/uploads\/2025\/10\/Flyer-Eveil-a-la-Foi-1-232x300.png 232w, https:\/\/tejg.org\/wp-content\/uploads\/2025\/10\/Flyer-Eveil-a-la-Foi-1-768x994.png 768w, https:\/\/tejg.org\/wp-content\/uploads\/2025\/10\/Flyer-Eveil-a-la-Foi-1-1187x1536.png 1187w, https:\/\/tejg.org\/wp-content\/uploads\/2025\/10\/Flyer-Eveil-a-la-Foi-1-1583x2048.png 1583w, https:\/\/tejg.org\/wp-content\/uploads\/2025\/10\/Flyer-Eveil-a-la-Foi-1-scaled.png 1978w\" sizes=\"auto, (max-width: 791px) 100vw, 791px\" \/><\/a><\/figure>\n\n\n\n<figure class=\"wp-block-image size-large\"><img loading=\"lazy\" decoding=\"async\" width=\"724\" height=\"1024\" src=\"https:\/\/tejg.org\/wp-content\/uploads\/2025\/10\/Liturgie-avec-les-enfants-724x1024.png\" alt=\"\" class=\"wp-image-2855\" srcset=\"https:\/\/tejg.org\/wp-content\/uploads\/2025\/10\/Liturgie-avec-les-enfants-724x1024.png 724w, https:\/\/tejg.org\/wp-content\/uploads\/2025\/10\/Liturgie-avec-les-enfants-212x300.png 212w, https:\/\/tejg.org\/wp-content\/uploads\/2025\/10\/Liturgie-avec-les-enfants-768x1086.png 768w, https:\/\/tejg.org\/wp-content\/uploads\/2025\/10\/Liturgie-avec-les-enfants-1086x1536.png 1086w, https:\/\/tejg.org\/wp-content\/uploads\/2025\/10\/Liturgie-avec-les-enfants.png 1131w\" sizes=\"auto, (max-width: 724px) 100vw, 724px\" \/><\/figure>\n","protected":false},"excerpt":{"rendered":"<p>Un \u00e9veil \u00e0 la foi est propos\u00e9 aux enfants de 3 \u00e0 7 ans. Quatre rencontres sont propos\u00e9es dans l&rsquo;ann\u00e9e (pendant la messe dominicale). Par le biais d&rsquo;activit\u00e9s, de chants et de c\u00e9l\u00e9brations, les enfants d\u00e9couvrent avec joie en compagnie de leurs parents la foi chr\u00e9tienne.<\/p>\n","protected":false},"author":1,"featured_media":2734,"parent":1761,"menu_order":1,"comment_status":"closed","ping_status":"closed","template":"","meta":{"footnotes":""},"class_list":["post-1762","page","type-page","status-publish","has-post-thumbnail","hentry"],"publishpress_future_action":{"enabled":false,"date":"2026-05-20 13:49:53","action":"change-status","newStatus":"draft","terms":[],"taxonomy":"","extraData":[]},"publishpress_future_workflow_manual_trigger":{"enabledWorkflows":[]},"_links":{"self":[{"href":"https:\/\/tejg.org\/index.php?rest_route=\/wp\/v2\/pages\/1762","targetHints":{"allow":["GET"]}}],"collection":[{"href":"https:\/\/tejg.org\/index.php?rest_route=\/wp\/v2\/pages"}],"about":[{"href":"https:\/\/tejg.org\/index.php?rest_route=\/wp\/v2\/types\/page"}],"author":[{"embeddable":true,"href":"https:\/\/tejg.org\/index.php?rest_route=\/wp\/v2\/users\/1"}],"replies":[{"embeddable":true,"href":"https:\/\/tejg.org\/index.php?rest_route=%2Fwp%2Fv2%2Fcomments&post=1762"}],"version-history":[{"count":2,"href":"https:\/\/tejg.org\/index.php?rest_route=\/wp\/v2\/pages\/1762\/revisions"}],"predecessor-version":[{"id":3073,"href":"https:\/\/tejg.org\/index.php?rest_route=\/wp\/v2\/pages\/1762\/revisions\/3073"}],"up":[{"embeddable":true,"href":"https:\/\/tejg.org\/index.php?rest_route=\/wp\/v2\/pages\/1761"}],"wp:featuredmedia":[{"embeddable":true,"href":"https:\/\/tejg.org\/index.php?rest_route=\/wp\/v2\/media\/2734"}],"wp:attachment":[{"href":"https:\/\/tejg.org\/index.php?rest_route=%2Fwp%2Fv2%2Fmedia&parent=1762"}],"curies":[{"name":"wp","href":"https:\/\/api.w.org\/{rel}","templated":true}]}}