{"id":1764,"date":"2019-11-01T22:19:17","date_gmt":"2019-11-01T21:19:17","guid":{"rendered":"http:\/\/test.trinitedeleraudiere.fr\/?page_id=44"},"modified":"2019-11-01T22:19:17","modified_gmt":"2019-11-01T21:19:17","slug":"pour-vous-collegiens-et-lyceens","status":"publish","type":"page","link":"https:\/\/tejg.org\/?page_id=1764","title":{"rendered":"Pour vous, coll\u00e9giens et lyc\u00e9ens"},"content":{"rendered":"\n<h2 class=\"wp-block-heading\"><span style=\"color: #ff0000;\">Groupe jeunes paroissial \u00abJ-Crois\u00bb<\/span> <\/h2>\n\n\n\n<p>Entre 13 et 20 ans, essentiellement autour d&rsquo;un projet de th\u00e9\u00e2tre biblique mais pas que&#8230;<br><em>Contacts : <a href=\"mailto:g.larroque@business-strategy.fr\">Gr\u00e9goire Larroque<\/a><\/em><\/p>\n\n\n\n<div class=\"wp-block-file\"><a href=\"https:\/\/tejg.org\/wp-content\/uploads\/2022\/07\/J-Crois-2022-23.pdf\" class=\"wp-block-file__button wp-element-button\" download>T\u00c9L\u00c9charger<\/a><\/div>\n\n\n\n<h2 class=\"wp-block-heading\"><span style=\"color: #ff0000;\">Spiriteens 4<sup>e<\/sup>-3<sup>e<\/sup><\/span> <\/h2>\n\n\n\n<div class=\"wp-block-file\"><a href=\"https:\/\/tejg.org\/wp-content\/uploads\/2022\/09\/tract-spiriteens.pdf\" class=\"wp-block-file__button wp-element-button\" download>T\u00e9l\u00e9charger<\/a><\/div>\n\n\n\n<h2 class=\"wp-block-heading\"><a rel=\"noreferrer noopener\" href=\"https:\/\/diocese44.fr\/les-services-pastoraux\/aumoneries-de-lenseignement-public-aep\/\" target=\"_blank\">Aum\u00f4nerie de l&rsquo;Enseignement Public (AEP)<\/a><\/h2>\n\n\n\n<div class=\"wp-block-columns is-layout-flex wp-container-core-columns-is-layout-28f84493 wp-block-columns-is-layout-flex\">\n<div class=\"wp-block-column is-layout-flow wp-block-column-is-layout-flow\" style=\"flex-basis:33.33%\">\n<figure class=\"wp-block-image alignleft size-full is-resized\"><img decoding=\"async\" src=\"https:\/\/tejg.org\/wp-content\/uploads\/2022\/07\/aep_logo.gif\" alt=\"\" class=\"wp-image-1235\" style=\"width:148px;height:auto\"\/><\/figure>\n<\/div>\n\n\n\n<div class=\"wp-block-column is-layout-flow wp-block-column-is-layout-flow\" style=\"flex-basis:66.66%\">\n<p><\/p>\n\n\n\n<p>Lieu d\u2019accueil, d\u2019\u00e9coute et d\u2019\u00e9change, ouvert aux jeunes des coll\u00e8ges et lyc\u00e9es de l\u2019Enseignement Public : <strong>Maison Collely<\/strong>, <a href=\"https:\/\/goo.gl\/maps\/ojSnq5Zj5smJevoP7\" target=\"_blank\" rel=\"noreferrer noopener\">28 rue de la Basse-Chesnaie<\/a> \u00e0 Nantes.<\/p>\n<\/div>\n<\/div>\n\n\n\n<h2 class=\"wp-block-heading\"><a href=\"http:\/\/www.joc.asso.fr\" target=\"_blank\" rel=\"noopener noreferrer\">Jeunesse Ouvri\u00e8re Chr\u00e9tienne (JOC)<\/a><\/h2>\n\n\n\n<figure class=\"wp-block-image alignleft\"><a href=\"http:\/\/www.joc.asso.fr\" target=\"_blank\" rel=\"noopener noreferrer\"><img loading=\"lazy\" decoding=\"async\" width=\"210\" height=\"300\" src=\"https:\/\/tejg.org\/wp-content\/uploads\/2020\/05\/15420771_10210002394954391_4387494015243235845_n19-210x300.jpg\" alt=\"\" class=\"wp-image-631\" srcset=\"https:\/\/tejg.org\/wp-content\/uploads\/2020\/05\/15420771_10210002394954391_4387494015243235845_n19-210x300.jpg 210w, https:\/\/tejg.org\/wp-content\/uploads\/2020\/05\/15420771_10210002394954391_4387494015243235845_n19.jpg 672w\" sizes=\"auto, (max-width: 210px) 100vw, 210px\" \/><\/a><\/figure>\n\n\n\n<p>La JOC, Jeunesse Ouvri\u00e8re Chr\u00e9tienne, est une association de 10 000 gar\u00e7ons et filles issus de milieux ouvriers et populaires. Ensemble, ils discutent, r\u00e9fl\u00e9chissent et agissent pour avoir prise sur ce qu\u2019ils vivent et changer ce qui ne va pas autour d\u2019eux et dans la soci\u00e9t\u00e9. Avec 120 f\u00e9d\u00e9rations locales, la JOC est g\u00e9r\u00e9e et anim\u00e9e par les jeunes eux-m\u00eames.<br><em>Contact : <a href=\"mailto:philippe.rio@nantes.cef.fr\">Philippe Rio<\/a><\/em><\/p>\n\n\n\n<h2 class=\"wp-block-heading\"><a href=\"http:\/\/mej.fr\" target=\"_blank\" rel=\"noopener noreferrer\">Mouvement Eucharistique de Jeunes (MEJ)<\/a><\/h2>\n\n\n\n<figure class=\"wp-block-image alignleft\"><a href=\"http:\/\/mej.fr\" target=\"_blank\" rel=\"noopener noreferrer\"><img loading=\"lazy\" decoding=\"async\" width=\"140\" height=\"140\" src=\"https:\/\/tejg.org\/wp-content\/uploads\/2020\/05\/MEJ.png\" alt=\"\" class=\"wp-image-628\"\/><\/a><\/figure>\n\n\n\n<p>Pour les 12-18 ans.<br><em>Contact : <a href=\"mailto:alain.gaudeul@gmail.com\">Alain Gaudeul<\/a><\/em><\/p>\n\n\n\n<h2 class=\"wp-block-heading\"><a href=\"http:\/\/sgdf.fr\" target=\"_blank\" rel=\"noopener noreferrer\">Scouts et Guides de France (SGDF)<\/a><\/h2>\n\n\n\n<figure class=\"wp-block-image alignleft\"><a href=\"http:\/\/sgdf.fr\" target=\"_blank\" rel=\"noopener noreferrer\"><img loading=\"lazy\" decoding=\"async\" width=\"244\" height=\"74\" src=\"https:\/\/tejg.org\/wp-content\/uploads\/2020\/05\/SGDF.png\" alt=\"\" class=\"wp-image-629\"\/><\/a><\/figure>\n\n\n\n<p>Groupe St Fran\u00e7ois pour les 8-18 ans<br><em>Contact : <a href=\"mailto:st.francois@gmail.com\" target=\"_blank\" rel=\"noreferrer noopener\">Cl\u00e9mentine et Gabriel Gizard<\/a><\/em><\/p>\n\n\n\n<h2 class=\"wp-block-heading\"><a href=\"http:\/\/scouts-unitaires.org\" target=\"_blank\" rel=\"noopener noreferrer\">Scouts unitaires de France (SUF)<\/a><\/h2>\n\n\n\n<figure class=\"wp-block-image alignleft\"><a href=\"http:\/\/scouts-unitaires.org\" target=\"_blank\" rel=\"noopener noreferrer\"><img loading=\"lazy\" decoding=\"async\" width=\"257\" height=\"80\" src=\"https:\/\/tejg.org\/wp-content\/uploads\/2020\/05\/SUF.png\" alt=\"\" class=\"wp-image-630\"\/><\/a><\/figure>\n\n\n\n<p>Les Scouts Unitaires de France sont une association catholique de scoutisme n\u00e9e en 1971 qui compte aujourd\u2019hui 30 000 membres, plus de 200 groupes dont 7 \u00e0 Nantes. Les SUF ont l\u2019ambition d\u2019aider les jeunes \u00e0 devenir des adultes libres, responsables, utiles et heureux, selon le projet \u00e9ducatif de Baden-Powell: p\u00e9dagogie du jeu; cadre de la nature; progression personnalis\u00e9e; organisation en patrouille (p\u00e9dagogie \u00abunitaire\u00bb du grand fr\u00e8re); foi chr\u00e9tienne vivante.<br><em>Contact : <a href=\"mailto:nantessoeuremmanuelle@scouts-unitaires.org\">Orianne et F\u00e9lix Duflos<\/a><\/em><\/p>\n\n\n\n<p><\/p>\n","protected":false},"excerpt":{"rendered":"<p>Groupe jeunes paroissial \u00abJ-Crois\u00bb Entre 13 et 20 ans, essentiellement autour d&rsquo;un projet de th\u00e9\u00e2tre biblique mais pas que&#8230;Contacts : Gr\u00e9goire Larroque Spiriteens 4e-3e Aum\u00f4nerie de l&rsquo;Enseignement Public (AEP) Lieu d\u2019accueil, d\u2019\u00e9coute et d\u2019\u00e9change, ouvert aux jeunes des coll\u00e8ges et lyc\u00e9es de l\u2019Enseignement Public : Maison Collely, 28 rue de la Basse-Chesnaie \u00e0 Nantes. Jeunesse [&hellip;]<\/p>\n","protected":false},"author":1,"featured_media":0,"parent":1761,"menu_order":3,"comment_status":"closed","ping_status":"closed","template":"","meta":{"footnotes":""},"class_list":["post-1764","page","type-page","status-publish","hentry"],"publishpress_future_action":{"enabled":false,"date":"2026-04-28 10:45:57","action":"change-status","newStatus":"draft","terms":[],"taxonomy":"","extraData":[]},"publishpress_future_workflow_manual_trigger":{"enabledWorkflows":[]},"_links":{"self":[{"href":"https:\/\/tejg.org\/index.php?rest_route=\/wp\/v2\/pages\/1764","targetHints":{"allow":["GET"]}}],"collection":[{"href":"https:\/\/tejg.org\/index.php?rest_route=\/wp\/v2\/pages"}],"about":[{"href":"https:\/\/tejg.org\/index.php?rest_route=\/wp\/v2\/types\/page"}],"author":[{"embeddable":true,"href":"https:\/\/tejg.org\/index.php?rest_route=\/wp\/v2\/users\/1"}],"replies":[{"embeddable":true,"href":"https:\/\/tejg.org\/index.php?rest_route=%2Fwp%2Fv2%2Fcomments&post=1764"}],"version-history":[{"count":0,"href":"https:\/\/tejg.org\/index.php?rest_route=\/wp\/v2\/pages\/1764\/revisions"}],"up":[{"embeddable":true,"href":"https:\/\/tejg.org\/index.php?rest_route=\/wp\/v2\/pages\/1761"}],"wp:attachment":[{"href":"https:\/\/tejg.org\/index.php?rest_route=%2Fwp%2Fv2%2Fmedia&parent=1764"}],"curies":[{"name":"wp","href":"https:\/\/api.w.org\/{rel}","templated":true}]}}