{"id":1765,"date":"2019-11-01T22:20:27","date_gmt":"2019-11-01T21:20:27","guid":{"rendered":"http:\/\/test.trinitedeleraudiere.fr\/?page_id=46"},"modified":"2019-11-01T22:20:27","modified_gmt":"2019-11-01T21:20:27","slug":"catechumenat","status":"publish","type":"page","link":"https:\/\/tejg.org\/?page_id=1765","title":{"rendered":"Cat\u00e9chum\u00e9nat"},"content":{"rendered":"\n<p>Le Cat\u00e9chum\u00e9nat ?<\/p>\n\n\n\n<p>C&rsquo;est la d\u00e9marche qui peut durer quelques ann\u00e9es,<br>\nfaite de rencontres avec des chr\u00e9tiens de la paroisse, form\u00e9s pour les accompagner,<\/p>\n\n\n\n<p>et de temps forts pour marquer les \u00e9tapes vers les sacrements de Bapt\u00eame, d&rsquo;Eucharistie, de Confirmation,<br>\n\u00e9tapes en paroisse ou au niveau du dioc\u00e8se.<\/p>\n\n\n\n<p>Prendre contact avec la paroisse de la Trinit\u00e9 de l&rsquo;Eraudi\u00e8re:<\/p>\n\n\n\n<p>mail : contact@trinitedeleraudiere.fr<\/p>\n","protected":false},"excerpt":{"rendered":"<p>Le Cat\u00e9chum\u00e9nat ? C&rsquo;est la d\u00e9marche qui peut durer quelques ann\u00e9es, faite de rencontres avec des chr\u00e9tiens de la paroisse, form\u00e9s pour les accompagner, et de temps forts pour marquer les \u00e9tapes vers les sacrements de Bapt\u00eame, d&rsquo;Eucharistie, de Confirmation, \u00e9tapes en paroisse ou au niveau du dioc\u00e8se. Prendre contact avec la paroisse de la [&hellip;]<\/p>\n","protected":false},"author":1,"featured_media":0,"parent":1761,"menu_order":4,"comment_status":"closed","ping_status":"closed","template":"","meta":{"footnotes":""},"class_list":["post-1765","page","type-page","status-publish","hentry"],"publishpress_future_action":{"enabled":false,"date":"2026-04-22 08:00:00","action":"change-status","newStatus":"draft","terms":[],"taxonomy":"","extraData":[]},"publishpress_future_workflow_manual_trigger":{"enabledWorkflows":[]},"_links":{"self":[{"href":"https:\/\/tejg.org\/index.php?rest_route=\/wp\/v2\/pages\/1765","targetHints":{"allow":["GET"]}}],"collection":[{"href":"https:\/\/tejg.org\/index.php?rest_route=\/wp\/v2\/pages"}],"about":[{"href":"https:\/\/tejg.org\/index.php?rest_route=\/wp\/v2\/types\/page"}],"author":[{"embeddable":true,"href":"https:\/\/tejg.org\/index.php?rest_route=\/wp\/v2\/users\/1"}],"replies":[{"embeddable":true,"href":"https:\/\/tejg.org\/index.php?rest_route=%2Fwp%2Fv2%2Fcomments&post=1765"}],"version-history":[{"count":0,"href":"https:\/\/tejg.org\/index.php?rest_route=\/wp\/v2\/pages\/1765\/revisions"}],"up":[{"embeddable":true,"href":"https:\/\/tejg.org\/index.php?rest_route=\/wp\/v2\/pages\/1761"}],"wp:attachment":[{"href":"https:\/\/tejg.org\/index.php?rest_route=%2Fwp%2Fv2%2Fmedia&parent=1765"}],"curies":[{"name":"wp","href":"https:\/\/api.w.org\/{rel}","templated":true}]}}