{"id":1766,"date":"2019-11-01T22:26:22","date_gmt":"2019-11-01T21:26:22","guid":{"rendered":"http:\/\/test.trinitedeleraudiere.fr\/?page_id=48"},"modified":"2019-11-01T22:26:22","modified_gmt":"2019-11-01T21:26:22","slug":"preparer-le-mariage-a-leglise","status":"publish","type":"page","link":"https:\/\/tejg.org\/?page_id=1766","title":{"rendered":"Pr\u00e9parer le mariage \u00e0 l&rsquo;Eglise"},"content":{"rendered":"\n<figure class=\"wp-block-image\"><img decoding=\"async\" src=\"http:\/\/www.trinitedeleraudiere.fr\/trinite\/images\/mariage.jpg\" alt=\"\"\/><\/figure>\n\n\n\n<p>Pour vous inscrire \u00e0 la pr\u00e9paration au mariage, venez aux heures et jours d\u2019accueil de la paroisse, si possible au moins 6 mois avant la date de votre mariage.<br>\nVous demandez le mariage \u00e0 l\u2019\u00e9glise, et nous sommes heureux de vous accueillir. Pour la communaut\u00e9 chr\u00e9tienne, c\u2019est toujours une joie de rencontrer des personnes qui d\u00e9sirent construire leur vie ensemble, fonder leur famille \u00e0 partir d\u2019un projet d\u2019amour. Avec vous, nous voudrions aussi reconna\u00eetre l\u2019importance de cette d\u00e9cision pour le Dieu de l\u2019Alliance auquel nous croyons.<\/p>\n\n\n\n<p>L\u2019Evangile nous montre J\u00e9sus qui propose un chemin de vie \u00e0 ceux et celles qu\u2019Il rencontre. A la question \u00ab\u00a0O\u00f9 demeures-tu ?\u00a0\u00bb , J\u00e9sus r\u00e9pond : \u00ab\u00a0Venez et vous verrez\u00a0\u00bb (Jean 1,28-29). Dans notre paroisse nous vous proposons ainsi de \u00ab\u00a0faire route\u00a0\u00bb ensemble, \u00e0 travers rencontres et dialogues, pour pr\u00e9parer s\u00e9rieusement ce mariage que vous envisagez.<\/p>\n\n\n\n<p>Par l\u2019\u00e9change avec des chr\u00e9tiens mari\u00e9s, vivant le projet familial de diverses mani\u00e8res, par le dialogue avec un pr\u00eatre, par le t\u00e9moignage simple d\u2019une communaut\u00e9 croyante, vous \u00eates invit\u00e9s \u00e0 d\u00e9couvrir peu \u00e0 peu le sens du sacrement de mariage que vous demandez \u00e0 l\u2019Eglise.<\/p>\n\n\n\n<p>La pr\u00e9paration se d\u00e9roule sur plusieurs mois, avec des \u00e9tapes vari\u00e9es :<\/p>\n\n\n\n<p>Un premier dialogue avec le pr\u00eatre<br>\nUne premi\u00e8re soir\u00e9e de mise en route avec d\u2019autres couples en \u00ab\u00a0grand groupe\u00a0\u00bb<br>\nUne seconde soir\u00e9e ensemble autour de \u00ab\u00a0l\u2019amour conjugal dans la Bible\u00a0\u00bb<br>\nDeux soir\u00e9es en \u00e9quipe avec un \u00ab\u00a0couple accompagnateur\u00a0\u00bb<br>\nLa pr\u00e9paration de la c\u00e9l\u00e9bration du mariage avec le pr\u00eatre (parfois \u00e0 l\u2019ext\u00e9rieur de la paroisse : si vous vous mariez ailleurs)<\/p>\n\n\n\n<p>L\u2019esprit de ces rencontres est celui d\u2019une \u00e9coute mutuelle et respectueuse des autres. Chacun est invit\u00e9 \u00e0 participer, y compris le couple accompagnateur, non pour donner ou recevoir une \u00ab\u00a0le\u00e7on de morale\u00a0\u00bb, mais pour avancer avec les autres sur un chemin de vie, pour trouver des rep\u00e8res et des appuis solides au projet d\u2019amour qu\u2019est le mariage, \u00e0 vivre jour apr\u00e8s jour.<\/p>\n\n\n\n<p>N\u2019oubliez pas que la pr\u00e9paration de votre mariage se fait jour apr\u00e8s jour. L\u2019Eglise \u00e0 laquelle vous vous adressez sera heureuse de vous retrouver un dimanche \u00e0 la messe pour prier et prendre de vos nouvelles.<\/p>\n\n\n\n<p>Bonne pr\u00e9paration et \u00e0 bient\u00f4t.<\/p>\n\n\n\n<p>L\u2019\u00e9quipe de pr\u00e9paration au mariage, avec le pr\u00eatre<\/p>\n","protected":false},"excerpt":{"rendered":"<p>Pour vous inscrire \u00e0 la pr\u00e9paration au mariage, venez aux heures et jours d\u2019accueil de la paroisse, si possible au moins 6 mois avant la date de votre mariage. Vous demandez le mariage \u00e0 l\u2019\u00e9glise, et nous sommes heureux de vous accueillir. Pour la communaut\u00e9 chr\u00e9tienne, c\u2019est toujours une joie de rencontrer des personnes qui [&hellip;]<\/p>\n","protected":false},"author":1,"featured_media":0,"parent":1761,"menu_order":5,"comment_status":"closed","ping_status":"closed","template":"","meta":{"footnotes":""},"class_list":["post-1766","page","type-page","status-publish","hentry"],"publishpress_future_action":{"enabled":false,"date":"2026-04-23 23:31:51","action":"change-status","newStatus":"draft","terms":[],"taxonomy":"","extraData":[]},"publishpress_future_workflow_manual_trigger":{"enabledWorkflows":[]},"_links":{"self":[{"href":"https:\/\/tejg.org\/index.php?rest_route=\/wp\/v2\/pages\/1766","targetHints":{"allow":["GET"]}}],"collection":[{"href":"https:\/\/tejg.org\/index.php?rest_route=\/wp\/v2\/pages"}],"about":[{"href":"https:\/\/tejg.org\/index.php?rest_route=\/wp\/v2\/types\/page"}],"author":[{"embeddable":true,"href":"https:\/\/tejg.org\/index.php?rest_route=\/wp\/v2\/users\/1"}],"replies":[{"embeddable":true,"href":"https:\/\/tejg.org\/index.php?rest_route=%2Fwp%2Fv2%2Fcomments&post=1766"}],"version-history":[{"count":0,"href":"https:\/\/tejg.org\/index.php?rest_route=\/wp\/v2\/pages\/1766\/revisions"}],"up":[{"embeddable":true,"href":"https:\/\/tejg.org\/index.php?rest_route=\/wp\/v2\/pages\/1761"}],"wp:attachment":[{"href":"https:\/\/tejg.org\/index.php?rest_route=%2Fwp%2Fv2%2Fmedia&parent=1766"}],"curies":[{"name":"wp","href":"https:\/\/api.w.org\/{rel}","templated":true}]}}