{"id":1961,"date":"2021-11-28T19:50:05","date_gmt":"2021-11-28T18:50:05","guid":{"rendered":"https:\/\/paroissestjogeo.com\/?p=274"},"modified":"2025-11-17T17:05:27","modified_gmt":"2025-11-17T16:05:27","slug":"chorale-choeur-metis","status":"publish","type":"page","link":"https:\/\/tejg.org\/?page_id=1961","title":{"rendered":"Chorale Ch\u0153ur M\u00e9tis"},"content":{"rendered":"\n<p>\u00ab Vous formez le corps du Christ et vous \u00eates un de ces membres. Vous avez re\u00e7u des dons, rechercher le meilleur \u00bb<br>C&rsquo;est par ces paroles de Georges Lefebvre que Ren\u00e9 P le chef de Ch\u0153ur de la Chorale Ch\u0153ur M\u00e9tis (ex-chorale MultiCulturelle) nous invite \u00e0 la rejoindre.<\/p>\n\n\n\n<p>\u00ab Parmi ces dons, nous avons celui de la voix pour chanter les louanges du Seigneur et pour aider \u00e0 prier. Venez donc nous rejoindre, vous tous qui le souhaitez, \u00e0 la chorale multi-culturelle mise en place \u00e0 Saint Georges en <br>2015. \u00bb<\/p>\n\n\n\n<p><\/p>\n\n\n\n<p><br>Contacts :<br>&#8211; Ren\u00e9 P<br>&#8211; Murielle 07 50 49 51 77<\/p>\n","protected":false},"excerpt":{"rendered":"<p>\u00ab Vous formez le corps du Christ et vous \u00eates un de ces membres. Vous avez re\u00e7u des dons, rechercher le meilleur \u00bbC&rsquo;est par ces paroles de Georges Lefebvre que Ren\u00e9 P le chef de Ch\u0153ur de la Chorale Ch\u0153ur M\u00e9tis (ex-chorale MultiCulturelle) nous invite \u00e0 la rejoindre. \u00ab Parmi ces dons, nous avons celui [&hellip;]<\/p>\n","protected":false},"author":1,"featured_media":0,"parent":641,"menu_order":0,"comment_status":"closed","ping_status":"closed","template":"","meta":{"footnotes":""},"class_list":["post-1961","page","type-page","status-publish","hentry"],"publishpress_future_action":{"enabled":false,"date":"2026-05-06 07:39:36","action":"change-status","newStatus":"draft","terms":[],"taxonomy":"","extraData":[]},"publishpress_future_workflow_manual_trigger":{"enabledWorkflows":[]},"_links":{"self":[{"href":"https:\/\/tejg.org\/index.php?rest_route=\/wp\/v2\/pages\/1961","targetHints":{"allow":["GET"]}}],"collection":[{"href":"https:\/\/tejg.org\/index.php?rest_route=\/wp\/v2\/pages"}],"about":[{"href":"https:\/\/tejg.org\/index.php?rest_route=\/wp\/v2\/types\/page"}],"author":[{"embeddable":true,"href":"https:\/\/tejg.org\/index.php?rest_route=\/wp\/v2\/users\/1"}],"replies":[{"embeddable":true,"href":"https:\/\/tejg.org\/index.php?rest_route=%2Fwp%2Fv2%2Fcomments&post=1961"}],"version-history":[{"count":2,"href":"https:\/\/tejg.org\/index.php?rest_route=\/wp\/v2\/pages\/1961\/revisions"}],"predecessor-version":[{"id":2818,"href":"https:\/\/tejg.org\/index.php?rest_route=\/wp\/v2\/pages\/1961\/revisions\/2818"}],"up":[{"embeddable":true,"href":"https:\/\/tejg.org\/index.php?rest_route=\/wp\/v2\/pages\/641"}],"wp:attachment":[{"href":"https:\/\/tejg.org\/index.php?rest_route=%2Fwp%2Fv2%2Fmedia&parent=1961"}],"curies":[{"name":"wp","href":"https:\/\/api.w.org\/{rel}","templated":true}]}}