{"id":1967,"date":"2021-11-28T21:40:10","date_gmt":"2021-11-28T20:40:10","guid":{"rendered":"https:\/\/paroissestjogeo.com\/?p=399"},"modified":"2021-11-28T21:40:10","modified_gmt":"2021-11-28T20:40:10","slug":"mej","status":"publish","type":"page","link":"https:\/\/tejg.org\/?page_id=1967","title":{"rendered":"MEJ"},"content":{"rendered":"\n<p><strong>MEJ M<\/strong>ouvement<strong>&nbsp;E<\/strong>ucharistique des<strong>&nbsp;J<\/strong>eunesLe Mouvement Eucharistique des Jeunes est un mouvement \u00e9ducatif de l\u2019Eglise Catholique agr\u00e9\u00e9 par le Minist\u00e8re de la Jeunesse et des sports, association d\u2019\u00e9ducation populaire.Au MEJ chacun est vu comme une personne dou\u00e9e de libert\u00e9, en recherche, en marche, en \u00e9quilibre entre les diff\u00e9rentes composantes de sa personnalit\u00e9.Pour chacun, le MEJ se propose comme un chemin de croissance humaine et spirituelle.Une \u00e9quipe regroupant des CM2 et 6\u00e8me vient de se composer sur la paroisse.&nbsp;Contact : Marie&nbsp;<\/p>\n\n\n\n<p><\/p>\n","protected":false},"excerpt":{"rendered":"<p>MEJ Mouvement&nbsp;Eucharistique des&nbsp;JeunesLe Mouvement Eucharistique des Jeunes est un mouvement \u00e9ducatif de l\u2019Eglise Catholique agr\u00e9\u00e9 par le Minist\u00e8re de la Jeunesse et des sports, association d\u2019\u00e9ducation populaire.Au MEJ chacun est vu comme une personne dou\u00e9e de libert\u00e9, en recherche, en marche, en \u00e9quilibre entre les diff\u00e9rentes composantes de sa personnalit\u00e9.Pour chacun, le MEJ se propose [&hellip;]<\/p>\n","protected":false},"author":1,"featured_media":0,"parent":641,"menu_order":0,"comment_status":"closed","ping_status":"closed","template":"","meta":{"footnotes":""},"class_list":["post-1967","page","type-page","status-publish","hentry"],"publishpress_future_action":{"enabled":false,"date":"2026-04-14 12:47:30","action":"change-status","newStatus":"draft","terms":[],"taxonomy":"","extraData":[]},"publishpress_future_workflow_manual_trigger":{"enabledWorkflows":[]},"_links":{"self":[{"href":"https:\/\/tejg.org\/index.php?rest_route=\/wp\/v2\/pages\/1967","targetHints":{"allow":["GET"]}}],"collection":[{"href":"https:\/\/tejg.org\/index.php?rest_route=\/wp\/v2\/pages"}],"about":[{"href":"https:\/\/tejg.org\/index.php?rest_route=\/wp\/v2\/types\/page"}],"author":[{"embeddable":true,"href":"https:\/\/tejg.org\/index.php?rest_route=\/wp\/v2\/users\/1"}],"replies":[{"embeddable":true,"href":"https:\/\/tejg.org\/index.php?rest_route=%2Fwp%2Fv2%2Fcomments&post=1967"}],"version-history":[{"count":0,"href":"https:\/\/tejg.org\/index.php?rest_route=\/wp\/v2\/pages\/1967\/revisions"}],"up":[{"embeddable":true,"href":"https:\/\/tejg.org\/index.php?rest_route=\/wp\/v2\/pages\/641"}],"wp:attachment":[{"href":"https:\/\/tejg.org\/index.php?rest_route=%2Fwp%2Fv2%2Fmedia&parent=1967"}],"curies":[{"name":"wp","href":"https:\/\/api.w.org\/{rel}","templated":true}]}}