{"id":320,"date":"2021-11-28T20:31:47","date_gmt":"2021-11-28T19:31:47","guid":{"rendered":"https:\/\/paroissestjogeo.com\/?p=320"},"modified":"2021-11-28T20:31:47","modified_gmt":"2021-11-28T19:31:47","slug":"secours-catholique","status":"publish","type":"page","link":"https:\/\/tejg.org\/?page_id=320","title":{"rendered":"Secours Catholique"},"content":{"rendered":"\n<p>Service d\u2019Eglise reconnu d\u2019utilit\u00e9 publique, le Secours Catholique f\u00eatera ses 70 ans en 2016.<\/p>\n\n\n\n<p>Il compte, en France, quelque 70 d\u00e9l\u00e9gations dioc\u00e9saines, autour de 4200 \u00e9quipes locales constitu\u00e9es de 67400 b\u00e9n\u00e9voles.<br>Pour le Dioc\u00e8se on recense 38 \u00e9quipes locales au sein de 9 territoires.<\/p>\n\n\n\n<p>Contact : Michel GRATON<\/p>\n","protected":false},"excerpt":{"rendered":"<p>Service d\u2019Eglise reconnu d\u2019utilit\u00e9 publique, le Secours Catholique f\u00eatera ses 70 ans en 2016. Il compte, en France, quelque 70 d\u00e9l\u00e9gations dioc\u00e9saines, autour de 4200 \u00e9quipes locales constitu\u00e9es de 67400 b\u00e9n\u00e9voles.Pour le Dioc\u00e8se on recense 38 \u00e9quipes locales au sein de 9 territoires. Contact : Michel GRATON<\/p>\n","protected":false},"author":1,"featured_media":0,"parent":641,"menu_order":0,"comment_status":"closed","ping_status":"closed","template":"","meta":{"footnotes":""},"class_list":["post-320","page","type-page","status-publish","hentry"],"publishpress_future_action":{"enabled":false,"date":"2026-05-16 05:02:57","action":"change-status","newStatus":"draft","terms":[],"taxonomy":"","extraData":[]},"publishpress_future_workflow_manual_trigger":{"enabledWorkflows":[]},"_links":{"self":[{"href":"https:\/\/tejg.org\/index.php?rest_route=\/wp\/v2\/pages\/320","targetHints":{"allow":["GET"]}}],"collection":[{"href":"https:\/\/tejg.org\/index.php?rest_route=\/wp\/v2\/pages"}],"about":[{"href":"https:\/\/tejg.org\/index.php?rest_route=\/wp\/v2\/types\/page"}],"author":[{"embeddable":true,"href":"https:\/\/tejg.org\/index.php?rest_route=\/wp\/v2\/users\/1"}],"replies":[{"embeddable":true,"href":"https:\/\/tejg.org\/index.php?rest_route=%2Fwp%2Fv2%2Fcomments&post=320"}],"version-history":[{"count":0,"href":"https:\/\/tejg.org\/index.php?rest_route=\/wp\/v2\/pages\/320\/revisions"}],"up":[{"embeddable":true,"href":"https:\/\/tejg.org\/index.php?rest_route=\/wp\/v2\/pages\/641"}],"wp:attachment":[{"href":"https:\/\/tejg.org\/index.php?rest_route=%2Fwp%2Fv2%2Fmedia&parent=320"}],"curies":[{"name":"wp","href":"https:\/\/api.w.org\/{rel}","templated":true}]}}