{"id":322,"date":"2021-11-28T20:32:18","date_gmt":"2021-11-28T19:32:18","guid":{"rendered":"https:\/\/paroissestjogeo.com\/?p=322"},"modified":"2021-11-28T20:32:18","modified_gmt":"2021-11-28T19:32:18","slug":"ccfd","status":"publish","type":"page","link":"https:\/\/tejg.org\/?page_id=322","title":{"rendered":"CCFD"},"content":{"rendered":"\n<p><strong>Le&nbsp;Comit\u00e9 Catholique contre la Faim et pour le D\u00e9veloppement (CCFD)<\/strong>Le CCFD est une association reconnue d\u2019utilit\u00e9 publique.Le CCFD a re\u00e7u mandat de la Conf\u00e9rence des Ev\u00eaques de France de mobiliser la solidarit\u00e9 des chr\u00e9tiens, notamment pendant les p\u00e9riodes de Car\u00eame au profit de l\u2019accomplissement de deux \u00ab missions \u00bb :- Appuyer des projets de d\u00e9veloppement.- Sensibiliser l\u2019opinion publique \u00e0 la situation des pays pauvres.&nbsp;Le CCFD mobilise, en France, un r\u00e9seau de 15 000 b\u00e9n\u00e9voles r\u00e9partis dans 99 comit\u00e9s dioc\u00e9sains et 1500 \u00e9quipes locales&nbsp;Contact : Cl\u00e9ment PIGUEL<\/p>\n","protected":false},"excerpt":{"rendered":"<p>Le&nbsp;Comit\u00e9 Catholique contre la Faim et pour le D\u00e9veloppement (CCFD)Le CCFD est une association reconnue d\u2019utilit\u00e9 publique.Le CCFD a re\u00e7u mandat de la Conf\u00e9rence des Ev\u00eaques de France de mobiliser la solidarit\u00e9 des chr\u00e9tiens, notamment pendant les p\u00e9riodes de Car\u00eame au profit de l\u2019accomplissement de deux \u00ab missions \u00bb :- Appuyer des projets de d\u00e9veloppement.- [&hellip;]<\/p>\n","protected":false},"author":1,"featured_media":0,"parent":641,"menu_order":0,"comment_status":"closed","ping_status":"closed","template":"","meta":{"footnotes":""},"class_list":["post-322","page","type-page","status-publish","hentry"],"publishpress_future_action":{"enabled":false,"date":"2026-05-06 07:41:38","action":"change-status","newStatus":"draft","terms":[],"taxonomy":"","extraData":[]},"publishpress_future_workflow_manual_trigger":{"enabledWorkflows":[]},"_links":{"self":[{"href":"https:\/\/tejg.org\/index.php?rest_route=\/wp\/v2\/pages\/322","targetHints":{"allow":["GET"]}}],"collection":[{"href":"https:\/\/tejg.org\/index.php?rest_route=\/wp\/v2\/pages"}],"about":[{"href":"https:\/\/tejg.org\/index.php?rest_route=\/wp\/v2\/types\/page"}],"author":[{"embeddable":true,"href":"https:\/\/tejg.org\/index.php?rest_route=\/wp\/v2\/users\/1"}],"replies":[{"embeddable":true,"href":"https:\/\/tejg.org\/index.php?rest_route=%2Fwp%2Fv2%2Fcomments&post=322"}],"version-history":[{"count":0,"href":"https:\/\/tejg.org\/index.php?rest_route=\/wp\/v2\/pages\/322\/revisions"}],"up":[{"embeddable":true,"href":"https:\/\/tejg.org\/index.php?rest_route=\/wp\/v2\/pages\/641"}],"wp:attachment":[{"href":"https:\/\/tejg.org\/index.php?rest_route=%2Fwp%2Fv2%2Fmedia&parent=322"}],"curies":[{"name":"wp","href":"https:\/\/api.w.org\/{rel}","templated":true}]}}