{"id":39,"date":"2024-10-21T23:31:27","date_gmt":"2024-10-21T21:31:27","guid":{"rendered":"https:\/\/tejg.org\/?page_id=39"},"modified":"2024-12-01T15:30:19","modified_gmt":"2024-12-01T14:30:19","slug":"intranet","status":"publish","type":"page","link":"https:\/\/tejg.org\/?page_id=39","title":{"rendered":"Intranet"},"content":{"rendered":"\n<p><a href=\"https:\/\/tejg.org\/foyer\" target=\"_blank\" rel=\"noreferrer noopener\">Notre foyer<\/a> (Enoria)<\/p>\n\n\n\n<p><a href=\"https:\/\/tejg.org\/liturgie\" target=\"_blank\" rel=\"noreferrer noopener\">Acteurs de la liturgie<\/a> (Enoria)<\/p>\n\n\n\n<p><a href=\"https:\/\/tejg.org\/bapteme\" target=\"_blank\" rel=\"noreferrer noopener\">Pr\u00e9-inscription bapt\u00eame moins de 7 ans<\/a> (Enoria)<\/p>\n\n\n\n<p><a href=\"https:\/\/tejg.org\/mariage\" target=\"_blank\" rel=\"noreferrer noopener\">Pr\u00e9-inscription mariage<\/a> (Enoria)<\/p>\n\n\n\n<p><a href=\"https:\/\/tejg.org\/planning\" target=\"_blank\" rel=\"noreferrer noopener\">Planning des salles<\/a> (Enoria)<\/p>\n\n\n\n<p><a href=\"https:\/\/tejg.org\/photos\" target=\"_blank\" rel=\"noreferrer noopener\">D\u00e9p\u00f4t photos<\/a> (Cloud)<\/p>\n","protected":false},"excerpt":{"rendered":"<p>Notre foyer (Enoria) Acteurs de la liturgie (Enoria) Pr\u00e9-inscription bapt\u00eame moins de 7 ans (Enoria) Pr\u00e9-inscription mariage (Enoria) Planning des salles (Enoria) D\u00e9p\u00f4t photos (Cloud)<\/p>\n","protected":false},"author":1,"featured_media":0,"parent":34,"menu_order":20,"comment_status":"closed","ping_status":"closed","template":"","meta":{"footnotes":""},"class_list":["post-39","page","type-page","status-publish","hentry"],"publishpress_future_action":{"enabled":false,"date":"2026-05-17 14:46:33","action":"change-status","newStatus":"draft","terms":[],"taxonomy":"","extraData":[]},"publishpress_future_workflow_manual_trigger":{"enabledWorkflows":[]},"_links":{"self":[{"href":"https:\/\/tejg.org\/index.php?rest_route=\/wp\/v2\/pages\/39","targetHints":{"allow":["GET"]}}],"collection":[{"href":"https:\/\/tejg.org\/index.php?rest_route=\/wp\/v2\/pages"}],"about":[{"href":"https:\/\/tejg.org\/index.php?rest_route=\/wp\/v2\/types\/page"}],"author":[{"embeddable":true,"href":"https:\/\/tejg.org\/index.php?rest_route=\/wp\/v2\/users\/1"}],"replies":[{"embeddable":true,"href":"https:\/\/tejg.org\/index.php?rest_route=%2Fwp%2Fv2%2Fcomments&post=39"}],"version-history":[{"count":3,"href":"https:\/\/tejg.org\/index.php?rest_route=\/wp\/v2\/pages\/39\/revisions"}],"predecessor-version":[{"id":2309,"href":"https:\/\/tejg.org\/index.php?rest_route=\/wp\/v2\/pages\/39\/revisions\/2309"}],"up":[{"embeddable":true,"href":"https:\/\/tejg.org\/index.php?rest_route=\/wp\/v2\/pages\/34"}],"wp:attachment":[{"href":"https:\/\/tejg.org\/index.php?rest_route=%2Fwp%2Fv2%2Fmedia&parent=39"}],"curies":[{"name":"wp","href":"https:\/\/api.w.org\/{rel}","templated":true}]}}