{"id":395,"date":"2021-11-28T21:38:42","date_gmt":"2021-11-28T20:38:42","guid":{"rendered":"https:\/\/paroissestjogeo.com\/?p=395"},"modified":"2021-11-28T21:38:42","modified_gmt":"2021-11-28T20:38:42","slug":"scouts","status":"publish","type":"page","link":"https:\/\/tejg.org\/?page_id=395","title":{"rendered":"Scouts"},"content":{"rendered":"\n<p>Engag\u00e9s au c\u0153ur de la Cit\u00e9, aupr\u00e8s de ceux qui en ont besoin, les responsables du mouvement cr\u00e9ent un lien.<br>C\u2019est pourquoi les Scouts et Guides de France sont reconnus d\u2019utilit\u00e9 publique.<\/p>\n\n\n\n<p>Mouvement catholique de scoutisme dans une Eglise ouverte \u00e0 tous, les Scouts et Guides de France proposent aux enfants et aux adolescents \u2013 sans distinctions d\u2019origine, de culture, ni de croyance \u2013 de grandir avec les autres \u00e0 partir de vraies valeurs de solidarit\u00e9, de partage et de respect des autres.<\/p>\n\n\n\n<p>Pour tous les jeunes qui r\u00eavent d\u2019aventures, de vie en groupe et de grand air, venez rejoindre les Scouts et Guides de France.<\/p>\n\n\n\n<p>Notre groupe permet \u00e0 des jeunes de 8 ans \u00e0 21 ans (r\u00e9partis en groupes selon leur \u00e2ge) de vivre la proposition scoute \u00e0 travers le jeu et la prise de responsabilit\u00e9s, mais aussi gr\u00e2ce \u00e0 des activit\u00e9s marines.<\/p>\n\n\n\n<p>Un groupe scout est en formation sur la paroisse St Joseph en lien avec celui de la paroisse de la Trinit\u00e9 de l\u2019Eraudi\u00e8re. &nbsp;Renseignements aupr\u00e8s de Gabriel GIZARD de l\u2019 EAP.<\/p>\n","protected":false},"excerpt":{"rendered":"<p>Engag\u00e9s au c\u0153ur de la Cit\u00e9, aupr\u00e8s de ceux qui en ont besoin, les responsables du mouvement cr\u00e9ent un lien.C\u2019est pourquoi les Scouts et Guides de France sont reconnus d\u2019utilit\u00e9 publique. Mouvement catholique de scoutisme dans une Eglise ouverte \u00e0 tous, les Scouts et Guides de France proposent aux enfants et aux adolescents \u2013 sans [&hellip;]<\/p>\n","protected":false},"author":1,"featured_media":0,"parent":641,"menu_order":0,"comment_status":"closed","ping_status":"closed","template":"","meta":{"footnotes":""},"class_list":["post-395","page","type-page","status-publish","hentry"],"publishpress_future_action":{"enabled":false,"date":"2026-04-22 08:20:11","action":"change-status","newStatus":"draft","terms":[],"taxonomy":"","extraData":[]},"publishpress_future_workflow_manual_trigger":{"enabledWorkflows":[]},"_links":{"self":[{"href":"https:\/\/tejg.org\/index.php?rest_route=\/wp\/v2\/pages\/395","targetHints":{"allow":["GET"]}}],"collection":[{"href":"https:\/\/tejg.org\/index.php?rest_route=\/wp\/v2\/pages"}],"about":[{"href":"https:\/\/tejg.org\/index.php?rest_route=\/wp\/v2\/types\/page"}],"author":[{"embeddable":true,"href":"https:\/\/tejg.org\/index.php?rest_route=\/wp\/v2\/users\/1"}],"replies":[{"embeddable":true,"href":"https:\/\/tejg.org\/index.php?rest_route=%2Fwp%2Fv2%2Fcomments&post=395"}],"version-history":[{"count":0,"href":"https:\/\/tejg.org\/index.php?rest_route=\/wp\/v2\/pages\/395\/revisions"}],"up":[{"embeddable":true,"href":"https:\/\/tejg.org\/index.php?rest_route=\/wp\/v2\/pages\/641"}],"wp:attachment":[{"href":"https:\/\/tejg.org\/index.php?rest_route=%2Fwp%2Fv2%2Fmedia&parent=395"}],"curies":[{"name":"wp","href":"https:\/\/api.w.org\/{rel}","templated":true}]}}