{"id":408,"date":"2021-11-28T21:41:47","date_gmt":"2021-11-28T20:41:47","guid":{"rendered":"https:\/\/paroissestjogeo.com\/?p=408"},"modified":"2021-11-28T21:41:47","modified_gmt":"2021-11-28T20:41:47","slug":"acat","status":"publish","type":"page","link":"https:\/\/tejg.org\/?page_id=408","title":{"rendered":"ACAT"},"content":{"rendered":"\n<p><strong>L\u2019action des Chr\u00e9tiens pour l\u2019Abolition de la Torture (ACAT)<\/strong>&nbsp;agit en coop\u00e9ration avec Amnnesty Internationnal pour lutter contre les violations des droits de l\u2019homme.L\u2019Acat est oeucum\u00e9nique, institutionnellement ind\u00e9pendante des Eglises, mais en relation \u00e9troites avec elles.L\u2019Acat veut rappeler l\u2019incompatibilit\u00e9 de la torture avec le message \u00e9vang\u00e9lique et alerter les communaut\u00e9s chr\u00e9tiennes \u00e0 ce sujet.<\/p>\n","protected":false},"excerpt":{"rendered":"<p>L\u2019action des Chr\u00e9tiens pour l\u2019Abolition de la Torture (ACAT)&nbsp;agit en coop\u00e9ration avec Amnnesty Internationnal pour lutter contre les violations des droits de l\u2019homme.L\u2019Acat est oeucum\u00e9nique, institutionnellement ind\u00e9pendante des Eglises, mais en relation \u00e9troites avec elles.L\u2019Acat veut rappeler l\u2019incompatibilit\u00e9 de la torture avec le message \u00e9vang\u00e9lique et alerter les communaut\u00e9s chr\u00e9tiennes \u00e0 ce sujet.<\/p>\n","protected":false},"author":1,"featured_media":0,"parent":641,"menu_order":0,"comment_status":"closed","ping_status":"closed","template":"","meta":{"footnotes":""},"class_list":["post-408","page","type-page","status-publish","hentry"],"publishpress_future_action":{"enabled":false,"date":"2026-05-20 00:28:33","action":"change-status","newStatus":"draft","terms":[],"taxonomy":"","extraData":[]},"publishpress_future_workflow_manual_trigger":{"enabledWorkflows":[]},"_links":{"self":[{"href":"https:\/\/tejg.org\/index.php?rest_route=\/wp\/v2\/pages\/408","targetHints":{"allow":["GET"]}}],"collection":[{"href":"https:\/\/tejg.org\/index.php?rest_route=\/wp\/v2\/pages"}],"about":[{"href":"https:\/\/tejg.org\/index.php?rest_route=\/wp\/v2\/types\/page"}],"author":[{"embeddable":true,"href":"https:\/\/tejg.org\/index.php?rest_route=\/wp\/v2\/users\/1"}],"replies":[{"embeddable":true,"href":"https:\/\/tejg.org\/index.php?rest_route=%2Fwp%2Fv2%2Fcomments&post=408"}],"version-history":[{"count":0,"href":"https:\/\/tejg.org\/index.php?rest_route=\/wp\/v2\/pages\/408\/revisions"}],"up":[{"embeddable":true,"href":"https:\/\/tejg.org\/index.php?rest_route=\/wp\/v2\/pages\/641"}],"wp:attachment":[{"href":"https:\/\/tejg.org\/index.php?rest_route=%2Fwp%2Fv2%2Fmedia&parent=408"}],"curies":[{"name":"wp","href":"https:\/\/api.w.org\/{rel}","templated":true}]}}