{"id":425,"date":"2021-11-28T21:46:56","date_gmt":"2021-11-28T20:46:56","guid":{"rendered":"https:\/\/paroissestjogeo.com\/?p=425"},"modified":"2021-11-28T21:46:56","modified_gmt":"2021-11-28T20:46:56","slug":"cooperation-missionnaire","status":"publish","type":"page","link":"https:\/\/tejg.org\/?page_id=425","title":{"rendered":"Coop\u00e9ration missionnaire"},"content":{"rendered":"\n<p><strong>Le service Dioc\u00e9sain de la Coop\u00e9ration Missionnaire<\/strong>&nbsp;\u00e0 deux t\u00e2ches :- Favoriser dans le Dioc\u00e8se l\u2019ouverture \u00e0 l\u2019universel et rappeler aux chr\u00e9tiens que l\u2019Eglise est Catholique.- Entretenir les liens entre les Eglises et les personnes dans le monde.&nbsp;Dans chaque secteur pastoral, paroisse, aum\u00f4nerie de jeunes, \u2026.. une petite \u00e9quipe de \u00ab\u00a0<strong>relai \u00e9veilleur<\/strong>\u00a0\u00bb met en \u0153uvre cette double t\u00e2che :- en \u00e9tant attentif \u00e0 l\u2019accueil des personnes venant d\u2019ailleurs,- en portant le souci de l\u2019animation de la Semaine Missionnaire, de la Journ\u00e9e du Migrant et du R\u00e9fugi\u00e9, des f\u00eates liturgiques comme l\u2019Epiphanie, la Pentec\u00f4te&#8230;- En favorisant les \u00e9changes en Eglises par le courrier, les visites, la pri\u00e8re, le partage financier.&nbsp;Contacts :&nbsp;P\u00e8re Emmanuel FORTINEAU<\/p>\n","protected":false},"excerpt":{"rendered":"<p>Le service Dioc\u00e9sain de la Coop\u00e9ration Missionnaire&nbsp;\u00e0 deux t\u00e2ches :- Favoriser dans le Dioc\u00e8se l\u2019ouverture \u00e0 l\u2019universel et rappeler aux chr\u00e9tiens que l\u2019Eglise est Catholique.- Entretenir les liens entre les Eglises et les personnes dans le monde.&nbsp;Dans chaque secteur pastoral, paroisse, aum\u00f4nerie de jeunes, \u2026.. une petite \u00e9quipe de \u00ab\u00a0relai \u00e9veilleur\u00a0\u00bb met en \u0153uvre cette [&hellip;]<\/p>\n","protected":false},"author":1,"featured_media":0,"parent":641,"menu_order":0,"comment_status":"closed","ping_status":"closed","template":"","meta":{"footnotes":""},"class_list":["post-425","page","type-page","status-publish","hentry"],"publishpress_future_action":{"enabled":false,"date":"2026-05-07 08:07:56","action":"change-status","newStatus":"draft","terms":[],"taxonomy":"","extraData":[]},"publishpress_future_workflow_manual_trigger":{"enabledWorkflows":[]},"_links":{"self":[{"href":"https:\/\/tejg.org\/index.php?rest_route=\/wp\/v2\/pages\/425","targetHints":{"allow":["GET"]}}],"collection":[{"href":"https:\/\/tejg.org\/index.php?rest_route=\/wp\/v2\/pages"}],"about":[{"href":"https:\/\/tejg.org\/index.php?rest_route=\/wp\/v2\/types\/page"}],"author":[{"embeddable":true,"href":"https:\/\/tejg.org\/index.php?rest_route=\/wp\/v2\/users\/1"}],"replies":[{"embeddable":true,"href":"https:\/\/tejg.org\/index.php?rest_route=%2Fwp%2Fv2%2Fcomments&post=425"}],"version-history":[{"count":0,"href":"https:\/\/tejg.org\/index.php?rest_route=\/wp\/v2\/pages\/425\/revisions"}],"up":[{"embeddable":true,"href":"https:\/\/tejg.org\/index.php?rest_route=\/wp\/v2\/pages\/641"}],"wp:attachment":[{"href":"https:\/\/tejg.org\/index.php?rest_route=%2Fwp%2Fv2%2Fmedia&parent=425"}],"curies":[{"name":"wp","href":"https:\/\/api.w.org\/{rel}","templated":true}]}}