{"id":668,"date":"2022-09-26T17:44:51","date_gmt":"2022-09-26T15:44:51","guid":{"rendered":"https:\/\/paroissestjogeo.com\/?page_id=668"},"modified":"2022-09-26T17:44:51","modified_gmt":"2022-09-26T15:44:51","slug":"adultes","status":"publish","type":"page","link":"https:\/\/tejg.org\/?page_id=668","title":{"rendered":"Mouvements d&rsquo;adultes"},"content":{"rendered":"\n<h2 class=\"wp-block-heading\"><a rel=\"noreferrer noopener\" href=\"https:\/\/acifrance.com\" target=\"_blank\">Action Catholique des milieux Ind\u00e9pendants (ACI)<\/a><\/h2>\n\n\n\n<p>Vie \u00e0 deux, c\u00e9libat, enfants, travail\/ch\u00f4mage, \u00e9quilibre de vie, foi, authenticit\u00e9, engagement&#8230; Des mots-cl\u00e9s qui r\u00e9sonnent dans votre vie. Ils \u00e9voquent tour \u00e0 tour bonheur, questions, t\u00e2tonnements. Pourquoi ne pas en parler ensemble, faire une pause sur sa vie, s\u2019aider les uns les autres \u00e0 mieux l\u2019accueillir et lui donner un sens, y d\u00e9couvrir aussi la pr\u00e9sence de Dieu et les appels \u00e0 l\u2019Esp\u00e9rance qu\u2019il nous murmure. C\u2019est la vie qui est confront\u00e9e \u00e0 la Parole de Dieu.<\/p>\n\n\n\n<p>Contact: <a href=\"mailto:dimarion@wanadoo.fr\" target=\"_blank\" rel=\"noreferrer noopener\">Anne Marion<\/a><\/p>\n\n\n\n<h2 class=\"wp-block-heading\"><a href=\"https:\/\/acofrance.fr\" target=\"_blank\" rel=\"noreferrer noopener\">Action Catholique Ouvri\u00e8re (ACO)<\/a><\/h2>\n\n\n\n<p>C&rsquo;est un mouvement d\u2019hommes et de femmes croyants et engag\u00e9s aupr\u00e8s des travailleurs et personnes en milieu populaire. En \u00e9quipe, les membres ACO partagent sur leurs conditions de vie, de travail, sur leur foi en lien avec l\u2019\u00c9glise. Mais l\u2019ACO invite aussi&nbsp;: pour \u00e9couter l\u2019autre, lui permettre de s\u2019exprimer, de partager son exp\u00e9rience en vivant des moments de convivialit\u00e9, de f\u00eates.<\/p>\n\n\n\n<p>Contact: <a href=\"mailto:didier.amice@gmail.com\" target=\"_blank\" rel=\"noreferrer noopener\">Didier Amice<\/a><\/p>\n\n\n\n<h2 class=\"wp-block-heading\"><a href=\"https:\/\/diocese44.fr\/les-mouvements-et-associations-de-fideles\/chemin-despoir\/\" target=\"_blank\" rel=\"noreferrer noopener\">Chemin d&rsquo;espoir<\/a><\/h2>\n\n\n\n<p>Au service des personnes bless\u00e9es et en gal\u00e8re, les groupes \u00ab&nbsp;<strong>Chemin d\u2019espoir<\/strong>&nbsp;\u00bb ont \u00e9t\u00e9 cr\u00e9\u00e9s en 1995. Lieu de partage et de rencontres dans le respect des personnes, \u00ab Chemin d\u2019espoir \u00bb propose :<\/p>\n\n\n\n<ul class=\"wp-block-list\" style=\"line-height:0.1\">\n<li>Rencontres autour de la Parole de Dieu pour discuter de fa\u00e7on simple autour de l\u2019\u00c9vangile et de notre v\u00e9cu.<\/li>\n\n\n\n<li>Rencontres pour s\u2019\u00e9couter sans juger, pour se soutenir, pour redonner espoir.<\/li>\n\n\n\n<li>Dans la pri\u00e8re, avancer ensemble sur le chemin de Foi, retrouver la confiance.<\/li>\n\n\n\n<li>Rencontrer Dieu \u00e0 travers les personnes en recherche.<\/li>\n<\/ul>\n\n\n\n<p>Contact: Michelle R<\/p>\n\n\n\n<h2 class=\"wp-block-heading\"><a href=\"https:\/\/mcr.asso.fr\/\" target=\"_blank\" rel=\"noreferrer noopener\">Mouvement Chr\u00e9tien des Retrait\u00e9s (MCR)<\/a><\/h2>\n\n\n\n<p>Le Mouvement Chr\u00e9tien des Retrait\u00e9s (M.C.R.) est un mouvement d\u2019Action\u00a0 Catholique au service des retrait\u00e9s.\u00a0Il d\u00e9sire apporter un \u00e9clairage chr\u00e9tien aux grands sujets du moment.\u00a0 Il <em>offre<\/em>: \u00e9coute, dialogue, r\u00e9flexion, afin de vivre le mieux possible le temps de\u00a0 la retraite et de permettre \u00e0 tous une pr\u00e9sence et une participation actives \u00e0\u00a0 la soci\u00e9t\u00e9 et \u00e0 l\u2019Eglise.\u00a0 Les membres du M.C.R de Saint Joseph de Porterie\/Saint Georges se\u00a0 r\u00e9unissent une fois par mois le\u00a0\u00a0<strong>jeudi en l&rsquo;\u00e9glise Saint Georges\u00a0\u00a0de 14 h 30 \u00e0 16 h 30.\u00a0<\/strong>Lors de ces r\u00e9unions sont abord\u00e9s les th\u00e8mes de campagne contenus dans\u00a0 un livret \u00e9dit\u00e9 par le MCR national.\u00a0<em>Il faut noter qu&rsquo;en plus dans l\u2019ann\u00e9e\u00a0\u00a0le M.C.R.peut proposer plusieurs temps forts en r\u00e9gion.\u00a0<\/em> Pour cette ann\u00e9e 2022\/2023 le MCR ouvre sa campagne sur le th\u00e8me : <em style=\"\"><b>QUE TON <\/b><\/em><strong><em>R\u00c8GNE VIENNE <\/em><\/strong><em>qu&rsquo;il \u00e9claire et change notre vie ! <\/em>Il s&rsquo;agit de relire sa vie \u00e0 la lumi\u00e8re de l\u2019\u00c9vangile. N\u2019h\u00e9sitez pas \u00e0 nous rejoindre afin de nourrir nos \u00e9changes.<\/p>\n\n\n\n<p>Contact: Mme Fran\u00e7oise Ducatez (<em>06 81 41 72 55<\/em>)<\/p>\n\n\n\n<h2 class=\"wp-block-heading\"><mark style=\"background-color:rgba(0, 0, 0, 0)\" class=\"has-inline-color has-primary-color\"><a rel=\"noreferrer noopener\" href=\"https:\/\/vea.asso.fr\/\" target=\"_blank\">Vivre <\/a><a rel=\"noreferrer noopener\" href=\"https:\/\/vea.asso.fr\/\" target=\"_blank\">E<\/a><a rel=\"noreferrer noopener\" href=\"https:\/\/vea.asso.fr\/\" target=\"_blank\">n<\/a><a rel=\"noreferrer noopener\" href=\"https:\/\/vea.asso.fr\/\" target=\"_blank\">s<\/a><a rel=\"noreferrer noopener\" href=\"https:\/\/vea.asso.fr\/\" target=\"_blank\">e<\/a><a rel=\"noreferrer noopener\" href=\"https:\/\/vea.asso.fr\/\" target=\"_blank\">m<\/a><a rel=\"noreferrer noopener\" href=\"https:\/\/vea.asso.fr\/\" target=\"_blank\">b<\/a><a rel=\"noreferrer noopener\" href=\"https:\/\/vea.asso.fr\/\" target=\"_blank\">l<\/a><a rel=\"noreferrer noopener\" href=\"https:\/\/vea.asso.fr\/\" target=\"_blank\">e<\/a><a href=\"https:\/\/vea.asso.fr\/\" target=\"_blank\" rel=\"noreferrer noopener\"> <\/a><a rel=\"noreferrer noopener\" href=\"https:\/\/vea.asso.fr\/\" target=\"_blank\">l&rsquo;\u00c9vangile Aujourd&rsquo;hui (VEA)<\/a><\/mark><\/h2>\n\n\n\n<p><em>Vivre ensemble l&rsquo;\u00c9vangile aujourd&rsquo;hui<\/em>\u00a0est une association catholique d&rsquo;hommes et de femmes qui se rassemblent chaque mois en \u00e9quipe, guid\u00e9s par l&rsquo;\u00c9vangile pour prier, chercher \u00e0 reconna\u00eetre la trace de Dieu dans la vie quotidienne et s&rsquo;efforcer d\u2019adopter une attitude fid\u00e8le \u00e0 Son appel. J\u00e9sus affirme que chacun est unique aux yeux de Dieu. Au quotidien, la perception d&rsquo;une telle valeur est difficile. Il faut des \u00e9clairages ext\u00e9rieurs : celui des autres et celui de la parole de Dieu. La r\u00e9union en \u00e9quipe permet de porter un nouveau regard sur soi-m\u00eame, sur les autres, sur la vie. La d\u00e9marche se fonde sur l&rsquo;\u00c9vangile des disciples d&rsquo;Emma\u00fcs (Luc 24, 13-35). Chacun choisit un \u00e9v\u00e9nement important de sa vie. L&rsquo;\u00e9quipe cherche \u00e0 comprendre ce qu&rsquo;il signifie, puis \u00e0 reconna\u00eetre l&rsquo;appel de Dieu dans cette histoire. Enfin, ensemble, les membres de l&rsquo;\u00e9quipe voient comment adopter une attitude fid\u00e8le \u00e0 cet appel. La pri\u00e8re met cette r\u00e9vision de vie sous le regard de Dieu.<\/p>\n\n\n\n<p>Contact: <a href=\"mailto:elisabeth.debonnaire@wanadoo.fr\" target=\"_blank\" rel=\"noreferrer noopener\">\u00c9lisabeth Debonnaire Rabineau<\/a> (06 78 16 61 37)<\/p>\n","protected":false},"excerpt":{"rendered":"<p>Action Catholique des milieux Ind\u00e9pendants (ACI) Vie \u00e0 deux, c\u00e9libat, enfants, travail\/ch\u00f4mage, \u00e9quilibre de vie, foi, authenticit\u00e9, engagement&#8230; Des mots-cl\u00e9s qui r\u00e9sonnent dans votre vie. Ils \u00e9voquent tour \u00e0 tour bonheur, questions, t\u00e2tonnements. Pourquoi ne pas en parler ensemble, faire une pause sur sa vie, s\u2019aider les uns les autres \u00e0 mieux l\u2019accueillir et lui [&hellip;]<\/p>\n","protected":false},"author":1,"featured_media":0,"parent":641,"menu_order":0,"comment_status":"closed","ping_status":"closed","template":"","meta":{"footnotes":""},"class_list":["post-668","page","type-page","status-publish","hentry"],"publishpress_future_action":{"enabled":false,"date":"2026-04-15 04:35:09","action":"change-status","newStatus":"draft","terms":[],"taxonomy":"","extraData":[]},"publishpress_future_workflow_manual_trigger":{"enabledWorkflows":[]},"_links":{"self":[{"href":"https:\/\/tejg.org\/index.php?rest_route=\/wp\/v2\/pages\/668","targetHints":{"allow":["GET"]}}],"collection":[{"href":"https:\/\/tejg.org\/index.php?rest_route=\/wp\/v2\/pages"}],"about":[{"href":"https:\/\/tejg.org\/index.php?rest_route=\/wp\/v2\/types\/page"}],"author":[{"embeddable":true,"href":"https:\/\/tejg.org\/index.php?rest_route=\/wp\/v2\/users\/1"}],"replies":[{"embeddable":true,"href":"https:\/\/tejg.org\/index.php?rest_route=%2Fwp%2Fv2%2Fcomments&post=668"}],"version-history":[{"count":0,"href":"https:\/\/tejg.org\/index.php?rest_route=\/wp\/v2\/pages\/668\/revisions"}],"up":[{"embeddable":true,"href":"https:\/\/tejg.org\/index.php?rest_route=\/wp\/v2\/pages\/641"}],"wp:attachment":[{"href":"https:\/\/tejg.org\/index.php?rest_route=%2Fwp%2Fv2%2Fmedia&parent=668"}],"curies":[{"name":"wp","href":"https:\/\/api.w.org\/{rel}","templated":true}]}}